{"id":327,"date":"2016-01-04T15:26:30","date_gmt":"2016-01-04T14:26:30","guid":{"rendered":"http:\/\/www.hk-arbeitssicherheit.com\/?page_id=327"},"modified":"2024-11-09T17:18:11","modified_gmt":"2024-11-09T17:18:11","slug":"hinweise-zum-datenschutz","status":"publish","type":"page","link":"https:\/\/www.hk-arbeitssicherheit.com\/sifa\/hinweise-zum-datenschutz\/","title":{"rendered":"Hinweise zum Datenschutz"},"content":{"rendered":"<p>1.\tErkl\u00e4rung zum Datenschutz und Einwilligung<\/p>\n<p>Die im Vertrag zur sicherheitstechnischen Betreuung, bzw. zur Betreuung als<br \/>\nBrandschutzbeauftragter angegebenen personenbezogenen Daten, insbesondere Name, Anschrift,<br \/>\nTelefonnummer, E-Mail, Bankdaten, technische Daten; auch in Begehungsprotokollen und Gef\u00e4hrdungsbeurteilungen, die allein zum Zwecke der Durchf\u00fchrung des entstehenden bzw. bestehenden Vertragsverh\u00e4ltnisse notwendig und erforderlich sind, werden auf der Grundlage gesetzlicher Berechtigungen erhoben.<\/p>\n<p>Die von mir an meine Kunden versandten bzw. k\u00fcnftig zu versendenden Informationen zur Arbeitssicherheit entstehen auf der Grundlage der DGUV Vorschrift 2 als Verpflichtung zur Unterrichtung \u00fcber aktuelle Themen zur Arbeitssicherheit.<\/p>\n<p>Mit der Unterzeichnung des Vertragswerkes erfolgt die schriftliche Einwilligung gem\u00e4\u00df DSGVO.<br \/>\nBei bestehenden Vertr\u00e4gen wird grunds\u00e4tzlich von der Einwilligung ausgegangen, den Vertragspartnern wird einger\u00e4umt, eine Anpassung der Vertr\u00e4ge einzufordern.<\/p>\n<p>2.\tRechte des Betroffenen: Auskunft, Berichtigung, L\u00f6schung und<br \/>\nSperrung, Widerspruchsrecht<\/p>\n<p>Sie sind gem\u00e4\u00df \u00a7 15 DSGVO jederzeit berechtigt, gegen\u00fcber mir um umfangreiche Auskunftserteilung zu den zu Ihrer Person \/ Ihrem Unternehmen gespeicherten Daten zu ersuchen.<br \/>\nGem\u00e4\u00df \u00a7 17 DSGVO k\u00f6nnen Sie jederzeit gegen\u00fcber mir die Berichtigung, L\u00f6schung und Sperrung einzelner personenbezogener Daten verlangen.<\/p>\n<p>Sie k\u00f6nnen auch dar\u00fcber hinaus jederzeit ohne Angabe von Gr\u00fcnden von Ihrem Widerspruchsrecht Gebrauch machen und die erteilte Einwilligungserkl\u00e4rung mit Wirkung f\u00fcr die Zukunft ab\u00e4ndern oder g\u00e4nzlich widerrufen. Sie k\u00f6nnen den Widerruf entweder postalisch oder E-Mail oder per Fax an den Vertragspartner \u00fcbermitteln. Es entstehen Ihnen dabei keine anderen Kosten als die Portokosten bzw. die \u00dcbermittlungskosten nach den bestehenden Basistarifen.<\/p>\n<p>3.\tHinweise zum Datenschutz, wie sie auf meiner Webseite stehen<\/p>\n<p>Die Website hk-arbeitssicherheit.com benutzt sogenannte technische Cookies. Cookies sind kleine Textdateien, die von Ihrem Internet-Browser auf dem von Ihnen verwendeten Endger\u00e4t abgelegt und dort gespeichert werden. Sie dienen ausschlie\u00dflich statistischen Zwecken und sammeln lediglich Informationen zur Anzahl und zum Verhalten der Besucher der Website.<\/p>\n<p>Ein Cookie enth\u00e4lt und sammelt keine personenbezogenen Daten.<br \/>\nEinige Cookies sind g\u00fcltig, bis Sie Ihren Browser beenden, andere werden \u00fcber einen l\u00e4ngeren Zeitraum gespeichert.<\/p>\n<p>Die meisten Web-Browser akzeptieren Cookies automatisch. Sie k\u00f6nnen verhindern, dass auf Ihrem Computer oder Ger\u00e4t Cookies gespeichert werden, indem Sie Ihren Browser so einstellen, dass er keine Cookies akzeptiert. Einige Browser bieten einen speziellen Modus an, in dem Cookies nach dem Besuch einer Website immer gel\u00f6scht werden.<\/p>\n<p>4.\tDatenschutzerkl\u00e4rung:<\/p>\n<p>Datenschutz ist uns ein wichtiges Anliegen. Nachfolgend erfahren Sie, welche Daten erhoben werden und f\u00fcr welche Zwecke diese Daten verarbeitet und genutzt werden, sowie welche Rechte Ihnen zustehen.<br \/>\nDurch die Nutzung der Website hk-arbeitssicherheit.com erkl\u00e4ren Sie sich mit der Erhebung, Verarbeitung und Nutzung von Daten gem\u00e4\u00df der nachfolgenden Beschreibung einverstanden. Die Website hk-arbeitssicherheit.com kann grunds\u00e4tzlich ohne Registrierung besucht werden. Dabei werden Daten wie<br \/>\nbeispielsweise aufgerufene Seiten bzw. Namen der abgerufenen Datei, Datum und Uhrzeit zu statistischen Zwecken auf dem Server gespeichert, ohne dass diese Daten unmittelbar auf Ihre Person bezogen werden. Soweit personenbezogene Daten (beispielsweise Name, Anschrift oder E-Mail-Adressen) erhoben werden, erfolgt dies stets auf freiwilliger Basis. Diese Daten werden ohne Ihre ausdr\u00fcckliche Zustimmung nicht an Dritte weitergegeben.<\/p>\n<p>Hinweis: Die Daten\u00fcbertragung im Internet (z.B. bei der Kommunikation per E-Mail) kann Sicherheitsl\u00fccken aufweisen. Ein l\u00fcckenloser Schutz der Daten vor dem Zugriff durch Dritte ist nicht m\u00f6glich.<\/p>\n<p>Der Nutzung von im Rahmen der Impressumspflicht ver\u00f6ffentlichten Kontaktdaten durch Dritte zur \u00dcbersendung von nicht ausdr\u00fccklich angeforderter Werbung und Informationsmaterialien wird hiermit ausdr\u00fccklich widersprochen. Die Betreiber der Seiten behalten sich ausdr\u00fccklich rechtliche Schritte im Falle der unverlangten Zusendung von Werbeinformationen, etwa durch Spam-Mails, vor.<\/p>\n<p>F\u00fcr die Verarbeitung verantwortliche Person<br \/>\nThomas Hachulski<br \/>\nHK-Arbeitssicherheit<br \/>\nLohbachstr. 12<br \/>\n58239 Schwerte<\/p>\n<p>E-Mail: info[at]hk-arbeitssicherheit.com<\/p>\n<p>Tel: 02304 9118077<br \/>\nFax: 02304 9118078<br \/>\nMobil: 0160 94428761<\/p>\n<p>Erhebung und Speicherung personenbezogener Daten sowie Art und Zweck der Verwendung<br \/>\nBeim Aufruf der Website werden standardm\u00e4\u00dfig folgende Informationen in den Server-Log Files gespeichert.<br \/>\n\u2013 die Seite, von der aus der Datei angefordert wurde<br \/>\n\u2013 Referrer URL<br \/>\n\u2013 der Name der Datei<br \/>\n\u2013 Datum und Uhrzeit der Anfrage<br \/>\n\u2013 eine Beschreibung des Typs des verwendeten Webbrowsers \/ Browserversion und Betriebssystem<br \/>\n\u2013 Hostname des zugreifenden Rechners<\/p>\n<p>Die gespeicherten Daten werden ausschlie\u00dflich zu internen statistischen Zwecken ausgewertet und lassen f\u00fcr mich keine R\u00fcckschl\u00fcsse auf Ihre Person zu.<\/p>\n<p>Die genannten Daten werden zu folgenden Zwecken verarbeitet:<\/p>\n<p>\u2013 Gew\u00e4hrleistung des ordnungsgem\u00e4\u00dfen und reibungslosen Verbindungsaufbaus der Website<br \/>\n\u2013 komfortable Nutzung der Website<br \/>\n\u2013 Auswertung der Systemsicherheit und -stabilit\u00e4t<\/p>\n<p>Die Rechtsgrundlage f\u00fcr die Datenverarbeitung ist Art. 6 Abs. 1 S. 1 lit. f DSGVO. Mein berechtigtes<br \/>\nInteresse folgt aus oben aufgelisteten Zwecken zur Datenerhebung.<br \/>\nIn keinem Fall werden die erhobenen Daten zu dem Zweck, R\u00fcckschl\u00fcsse auf Ihre Person zu ziehen, eingesetzt.<\/p>\n<p>5.\tBetroffenenrechte (Auskunfts-, Widerrufs- und<br \/>\nL\u00f6schungsrechte)<\/p>\n<p>Betroffene Personen haben das Recht auf Auskunft \u00fcber ihre PBD, auf Berichtigung unrichtiger oder unvollst\u00e4ndiger PBD, auf L\u00f6schung der sie betreffenden PBD oder auf die Einschr\u00e4nkung von deren Nutzung, soweit nicht Rechtsvorschriften (z. B. steuerlicher Art) oder vertragliche Vereinbarungen dem entgegenstehen. Sie haben dar\u00fcber hinaus das Recht, ihre Einwilligung zur Verarbeitung nach Art. 6 (1) (a) DSGVO zu widerrufen, soweit nicht Rechtsvorschriften (z. B. steuerlicher Art) oder vertragliche Vereinbarungen dem Entgegenstehen. Zur Aus\u00fcbung eines der oben genannte Rechte kontaktieren Sie mich bitte unter info@hk-arbeitssicherheit.com<\/p>\n<p>6.\tGoogle Tag Manager<\/p>\n<p>Diese Website benutzt den Google Tag Manager. Google Tag Manager ist eine L\u00f6sung, mit der Vermarkter Website-Tags \u00fcber eine Oberfl\u00e4che verwalten k\u00f6nnen. Das Tool Tag Manager selbst (das die Tags implementiert) ist eine cookielose Domain und erfasst keine personenbezogenen Daten. Das Tool sorgt f\u00fcr die Ausl\u00f6sung anderer Tags, die ihrerseits unter Umst\u00e4nden Daten erfassen. Google Tag Manager greift nicht auf diese Daten zu. Wenn auf Domain- oder Cookie-Ebene eine Deaktivierung vorgenommen wurde, bleibt diese f\u00fcr alle Tracking-Tags bestehen, die mit Google Tag Manager implementiert werden.<\/p>\n","protected":false},"excerpt":{"rendered":"<p>1. Erkl\u00e4rung zum Datenschutz und Einwilligung Die im Vertrag zur sicherheitstechnischen Betreuung, bzw. zur Betreuung als Brandschutzbeauftragter angegebenen personenbezogenen Daten, insbesondere Name, Anschrift, Telefonnummer, E-Mail, Bankdaten, technische Daten; auch in Begehungsprotokollen und Gef\u00e4hrdungsbeurteilungen, die allein zum Zwecke der Durchf\u00fchrung des entstehenden bzw. bestehenden Vertragsverh\u00e4ltnisse notwendig und erforderlich sind, werden auf der Grundlage gesetzlicher Berechtigungen erhoben. &hellip; <\/p>\n<p class=\"link-more\"><a href=\"https:\/\/www.hk-arbeitssicherheit.com\/sifa\/hinweise-zum-datenschutz\/\" class=\"more-link\"><span class=\"screen-reader-text\">\u201eHinweise zum Datenschutz\u201c<\/span> weiterlesen<\/a><\/p>\n","protected":false},"author":2,"featured_media":0,"parent":0,"menu_order":0,"comment_status":"closed","ping_status":"open","template":"","meta":[],"_links":{"self":[{"href":"https:\/\/www.hk-arbeitssicherheit.com\/sifa\/wp-json\/wp\/v2\/pages\/327"}],"collection":[{"href":"https:\/\/www.hk-arbeitssicherheit.com\/sifa\/wp-json\/wp\/v2\/pages"}],"about":[{"href":"https:\/\/www.hk-arbeitssicherheit.com\/sifa\/wp-json\/wp\/v2\/types\/page"}],"author":[{"embeddable":true,"href":"https:\/\/www.hk-arbeitssicherheit.com\/sifa\/wp-json\/wp\/v2\/users\/2"}],"replies":[{"embeddable":true,"href":"https:\/\/www.hk-arbeitssicherheit.com\/sifa\/wp-json\/wp\/v2\/comments?post=327"}],"version-history":[{"count":11,"href":"https:\/\/www.hk-arbeitssicherheit.com\/sifa\/wp-json\/wp\/v2\/pages\/327\/revisions"}],"predecessor-version":[{"id":1019,"href":"https:\/\/www.hk-arbeitssicherheit.com\/sifa\/wp-json\/wp\/v2\/pages\/327\/revisions\/1019"}],"wp:attachment":[{"href":"https:\/\/www.hk-arbeitssicherheit.com\/sifa\/wp-json\/wp\/v2\/media?parent=327"}],"curies":[{"name":"wp","href":"https:\/\/api.w.org\/{rel}","templated":true}]}}